{"id":1337,"date":"2025-04-20T21:07:42","date_gmt":"2025-04-20T19:07:42","guid":{"rendered":"https:\/\/tinovtc.fr\/?page_id=1337"},"modified":"2025-05-15T15:18:37","modified_gmt":"2025-05-15T13:18:37","slug":"legal-notice","status":"publish","type":"page","link":"https:\/\/tinovtc.fr\/en\/legal-notice\/","title":{"rendered":"Mentions l\u00e9gales"},"content":{"rendered":"<div class=\"fusion-fullwidth fullwidth-box fusion-builder-row-1 fusion-flex-container has-pattern-background has-mask-background nonhundred-percent-fullwidth non-hundred-percent-height-scrolling fusion-no-small-visibility\" style=\"--awb-border-radius-top-left:0px;--awb-border-radius-top-right:0px;--awb-border-radius-bottom-right:0px;--awb-border-radius-bottom-left:0px;--awb-margin-bottom:110px;--awb-flex-wrap:wrap;\" ><div class=\"fusion-builder-row fusion-row fusion-flex-align-items-flex-start fusion-flex-content-wrap\" style=\"max-width:1216.8px;margin-left: calc(-4% \/ 2 );margin-right: calc(-4% \/ 2 );\"><div class=\"fusion-layout-column fusion_builder_column fusion-builder-column-0 fusion_builder_column_1_1 1_1 fusion-flex-column\" style=\"--awb-bg-size:cover;--awb-width-large:100%;--awb-margin-top-large:15px;--awb-spacing-right-large:1.92%;--awb-margin-bottom-large:15px;--awb-spacing-left-large:1.92%;--awb-width-medium:100%;--awb-order-medium:0;--awb-spacing-right-medium:1.92%;--awb-spacing-left-medium:1.92%;--awb-width-small:100%;--awb-order-small:0;--awb-spacing-right-small:1.92%;--awb-spacing-left-small:1.92%;\"><div class=\"fusion-column-wrapper fusion-column-has-shadow fusion-flex-justify-content-flex-start fusion-content-layout-column\"><div class=\"fusion-title title fusion-title-1 sep-underline sep-solid fusion-title-text fusion-title-size-four\" id=\"titre-transparent\"><h4 class=\"fusion-title-heading title-heading-left fusion-responsive-typography-calculated\" style=\"font-family:&quot;Myriam arabic bold&quot;;margin:0;text-transform:none;--fontSize:28;line-height:var(--awb-typography1-line-height);\">The company<\/h4><\/div><div class=\"fusion-text fusion-text-1\"><p>ZIVKOVIC ROBERTINO SIRET No. 499 900 983 00028 Address 17 Boulevard Champfleury &#8211; Avignon &#8211; France Telephone <a href=\"tel:+33609923623\">+33 (0)6 09 92 36 23<\/a> Publication Director ZIVKOVIC ROBERTINO<\/p>\n<\/div><div class=\"fusion-title title fusion-title-2 sep-underline sep-solid fusion-title-text fusion-title-size-four\" id=\"titre-transparent\"><h4 class=\"fusion-title-heading title-heading-left fusion-responsive-typography-calculated\" style=\"font-family:&quot;Myriam arabic bold&quot;;margin:0;text-transform:none;--fontSize:28;line-height:var(--awb-typography1-line-height);\">H\u00e9bergeur<\/h4><\/div><div class=\"fusion-text fusion-text-2\"><p>Intrasite, a limited liability company (EURL) with a capital of \u20ac27,000<br \/>\nRCS Avignon B 531 593 663<br \/>\nAPE Code 6311Z<br \/>\nVAT No.: FR24531593663<br \/>\nRegistered office: 17 Boulevard Champfleury &#8211; Avignon &#8211; France<\/p>\n<p>Intellectual Property<\/p>\n<p>In accordance with Article L122-4 of the French Intellectual Property Code, any full or partial representation made without the consent of the author or their successors in title is unlawful.<\/p>\n<p>The same applies to translation, adaptation, transformation, arrangement, or reproduction by any means whatsoever.<\/p>\n<p>The names or designations, logos and visuals, and photos are the exclusive property of their respective owners.<\/p>\n<\/div><div class=\"fusion-title title fusion-title-3 sep-underline sep-solid fusion-title-text fusion-title-size-four\" id=\"titre-transparent\"><h4 class=\"fusion-title-heading title-heading-left fusion-responsive-typography-calculated\" style=\"font-family:&quot;Myriam arabic bold&quot;;margin:0;text-transform:none;--fontSize:28;line-height:var(--awb-typography1-line-height);\">Cookies<\/h4><\/div><div class=\"fusion-text fusion-text-3\"><p>A cookie is a small computer file, a tracer.<br \/>\nIt allows us to analyze user behavior when visiting a website, reading an email, installing or using software or a mobile application. Browsing the site may result in the installation of cookies on the user&#8217;s computer.<br \/>\nHowever, the user can configure their computer as follows to refuse the installation of cookies:<\/p>\n<p>\u2022 In Firefox: At the top of the browser window, click the Firefox button, then go to the Options tab. Click the Privacy tab. Set the Retention Rules to: use custom settings for history. Finally, uncheck it to disable cookies.<\/p>\n<p>\u2022 In Safari: Click the menu icon (symbolized by a cog) in the top right corner of the browser. Select Settings. Click Show advanced settings. In the &#8220;Privacy&#8221; section, click Content settings. In the &#8220;Cookies&#8221; section, you can block cookies.<\/p>\n<p>\u2022 In Chrome: Click on the menu icon (symbolized by three horizontal lines) in the top right corner of the browser. Select Settings. Click Show advanced settings. In the &#8220;Privacy&#8221; section, click Preferences. In the &#8220;Privacy&#8221; tab, you can block cookies.<\/p>\n<\/div><div class=\"fusion-title title fusion-title-4 sep-underline sep-solid fusion-title-text fusion-title-size-four\" id=\"titre-transparent\"><h4 class=\"fusion-title-heading title-heading-left fusion-responsive-typography-calculated\" style=\"font-family:&quot;Myriam arabic bold&quot;;margin:0;text-transform:none;--fontSize:28;line-height:var(--awb-typography1-line-height);\">Personal Data<\/h4><\/div><div class=\"fusion-text fusion-text-4\"><p>When you use the website, the following data may be collected:<\/p>\n<p>\u2022 the URL of the links through which the user accessed the website<br \/>\n\u2022 the user&#8217;s access provider<br \/>\n\u2022 the user&#8217;s Internet Protocol (IP) address<\/p>\n<p>The tinovtc.fr website only collects personal information about the user in the context of:<br \/>\n\u2022 the contact page form<\/p>\n<p>The user provides this information knowingly, by entering it themselves. In accordance with the provisions of Articles 38 et seq. of Law 78-17 of January 6, 1978, relating to information technology, data files, and civil liberties, all users have the right to access, rectify, and object to their personal data by submitting a written and signed request, accompanied by a copy of their identity document with the signature of the holder of the document, specifying the address to which the response should be sent to the following email address:<\/p>\n<p>M ZIVKOVIC ROBERTINO &#8211; 17 Boulevard Champfleury &#8211; Avignon &#8211; France<\/p>\n<p>No personal information of website users is published without their knowledge, exchanged, transferred, assigned, or sold on any medium whatsoever to third parties.<\/p>\n<\/div><\/div><\/div><\/div><\/div>\n","protected":false},"excerpt":{"rendered":"","protected":false},"author":1,"featured_media":0,"parent":0,"menu_order":0,"comment_status":"closed","ping_status":"open","template":"","meta":{"footnotes":""},"class_list":["post-1337","page","type-page","status-publish","hentry"],"yoast_head":"<!-- This site is optimized with the Yoast SEO plugin v24.9 - https:\/\/yoast.com\/wordpress\/plugins\/seo\/ -->\n<title>Mentions l\u00e9gales - TINO VTC - Avignon Provence<\/title>\n<meta name=\"robots\" content=\"index, follow, max-snippet:-1, max-image-preview:large, max-video-preview:-1\" \/>\n<link rel=\"canonical\" href=\"https:\/\/tinovtc.fr\/en\/legal-notice\/\" \/>\n<meta property=\"og:locale\" content=\"en_US\" \/>\n<meta property=\"og:type\" content=\"article\" \/>\n<meta property=\"og:title\" content=\"Mentions l\u00e9gales - TINO VTC - Avignon Provence\" \/>\n<meta property=\"og:url\" content=\"https:\/\/tinovtc.fr\/en\/legal-notice\/\" \/>\n<meta property=\"og:site_name\" content=\"TINO VTC - Avignon Provence\" \/>\n<meta property=\"article:modified_time\" content=\"2025-05-15T13:18:37+00:00\" \/>\n<meta name=\"twitter:card\" content=\"summary_large_image\" \/>\n<meta name=\"twitter:label1\" content=\"Est. reading time\" \/>\n\t<meta name=\"twitter:data1\" content=\"3 minutes\" \/>\n<script type=\"application\/ld+json\" class=\"yoast-schema-graph\">{\"@context\":\"https:\/\/schema.org\",\"@graph\":[{\"@type\":\"WebPage\",\"@id\":\"https:\/\/tinovtc.fr\/en\/legal-notice\/\",\"url\":\"https:\/\/tinovtc.fr\/en\/legal-notice\/\",\"name\":\"Mentions l\u00e9gales - TINO VTC - Avignon Provence\",\"isPartOf\":{\"@id\":\"https:\/\/tinovtc.fr\/#website\"},\"datePublished\":\"2025-04-20T19:07:42+00:00\",\"dateModified\":\"2025-05-15T13:18:37+00:00\",\"breadcrumb\":{\"@id\":\"https:\/\/tinovtc.fr\/en\/legal-notice\/#breadcrumb\"},\"inLanguage\":\"en-US\",\"potentialAction\":[{\"@type\":\"ReadAction\",\"target\":[\"https:\/\/tinovtc.fr\/en\/legal-notice\/\"]}]},{\"@type\":\"BreadcrumbList\",\"@id\":\"https:\/\/tinovtc.fr\/en\/legal-notice\/#breadcrumb\",\"itemListElement\":[{\"@type\":\"ListItem\",\"position\":1,\"name\":\"Accueil\",\"item\":\"https:\/\/tinovtc.fr\/en\/\"},{\"@type\":\"ListItem\",\"position\":2,\"name\":\"Mentions l\u00e9gales\"}]},{\"@type\":\"WebSite\",\"@id\":\"https:\/\/tinovtc.fr\/#website\",\"url\":\"https:\/\/tinovtc.fr\/\",\"name\":\"TINO VTC Avignon Provence\",\"description\":\"Vous recherchez un chauffeur VTC fiable et ponctuel pour vos d\u00e9placements ? TONIO VTC ous propose un service de transport avec chauffeur priv\u00e9 sur mesure. Que ce soit pour un transfert a\u00e9roport, un trajet longue distance ou un d\u00e9placement professionnel, chauffeur exp\u00e9riment\u00e9.\",\"publisher\":{\"@id\":\"https:\/\/tinovtc.fr\/#\/schema\/person\/17465a760041b4c3aee734640108f603\"},\"alternateName\":\"TINO VTC Avignon Provence\",\"potentialAction\":[{\"@type\":\"SearchAction\",\"target\":{\"@type\":\"EntryPoint\",\"urlTemplate\":\"https:\/\/tinovtc.fr\/?s={search_term_string}\"},\"query-input\":{\"@type\":\"PropertyValueSpecification\",\"valueRequired\":true,\"valueName\":\"search_term_string\"}}],\"inLanguage\":\"en-US\"},{\"@type\":[\"Person\",\"Organization\"],\"@id\":\"https:\/\/tinovtc.fr\/#\/schema\/person\/17465a760041b4c3aee734640108f603\",\"name\":\"test@intrasite.fr\",\"image\":{\"@type\":\"ImageObject\",\"inLanguage\":\"en-US\",\"@id\":\"https:\/\/tinovtc.fr\/#\/schema\/person\/image\/\",\"url\":\"https:\/\/tinovtc.fr\/wp-content\/uploads\/2025\/04\/Capture-decran-2025-04-24-111136.png\",\"contentUrl\":\"https:\/\/tinovtc.fr\/wp-content\/uploads\/2025\/04\/Capture-decran-2025-04-24-111136.png\",\"width\":172,\"height\":141,\"caption\":\"test@intrasite.fr\"},\"logo\":{\"@id\":\"https:\/\/tinovtc.fr\/#\/schema\/person\/image\/\"},\"sameAs\":[\"http:\/\/tinovtc.fr\"]}]}<\/script>\n<!-- \/ Yoast SEO plugin. -->","yoast_head_json":{"title":"Mentions l\u00e9gales - TINO VTC - Avignon Provence","robots":{"index":"index","follow":"follow","max-snippet":"max-snippet:-1","max-image-preview":"max-image-preview:large","max-video-preview":"max-video-preview:-1"},"canonical":"https:\/\/tinovtc.fr\/en\/legal-notice\/","og_locale":"en_US","og_type":"article","og_title":"Mentions l\u00e9gales - TINO VTC - Avignon Provence","og_url":"https:\/\/tinovtc.fr\/en\/legal-notice\/","og_site_name":"TINO VTC - Avignon Provence","article_modified_time":"2025-05-15T13:18:37+00:00","twitter_card":"summary_large_image","twitter_misc":{"Est. reading time":"3 minutes"},"schema":{"@context":"https:\/\/schema.org","@graph":[{"@type":"WebPage","@id":"https:\/\/tinovtc.fr\/en\/legal-notice\/","url":"https:\/\/tinovtc.fr\/en\/legal-notice\/","name":"Mentions l\u00e9gales - TINO VTC - Avignon Provence","isPartOf":{"@id":"https:\/\/tinovtc.fr\/#website"},"datePublished":"2025-04-20T19:07:42+00:00","dateModified":"2025-05-15T13:18:37+00:00","breadcrumb":{"@id":"https:\/\/tinovtc.fr\/en\/legal-notice\/#breadcrumb"},"inLanguage":"en-US","potentialAction":[{"@type":"ReadAction","target":["https:\/\/tinovtc.fr\/en\/legal-notice\/"]}]},{"@type":"BreadcrumbList","@id":"https:\/\/tinovtc.fr\/en\/legal-notice\/#breadcrumb","itemListElement":[{"@type":"ListItem","position":1,"name":"Accueil","item":"https:\/\/tinovtc.fr\/en\/"},{"@type":"ListItem","position":2,"name":"Mentions l\u00e9gales"}]},{"@type":"WebSite","@id":"https:\/\/tinovtc.fr\/#website","url":"https:\/\/tinovtc.fr\/","name":"TINO VTC Avignon Provence","description":"Vous recherchez un chauffeur VTC fiable et ponctuel pour vos d\u00e9placements ? TONIO VTC ous propose un service de transport avec chauffeur priv\u00e9 sur mesure. Que ce soit pour un transfert a\u00e9roport, un trajet longue distance ou un d\u00e9placement professionnel, chauffeur exp\u00e9riment\u00e9.","publisher":{"@id":"https:\/\/tinovtc.fr\/#\/schema\/person\/17465a760041b4c3aee734640108f603"},"alternateName":"TINO VTC Avignon Provence","potentialAction":[{"@type":"SearchAction","target":{"@type":"EntryPoint","urlTemplate":"https:\/\/tinovtc.fr\/?s={search_term_string}"},"query-input":{"@type":"PropertyValueSpecification","valueRequired":true,"valueName":"search_term_string"}}],"inLanguage":"en-US"},{"@type":["Person","Organization"],"@id":"https:\/\/tinovtc.fr\/#\/schema\/person\/17465a760041b4c3aee734640108f603","name":"test@intrasite.fr","image":{"@type":"ImageObject","inLanguage":"en-US","@id":"https:\/\/tinovtc.fr\/#\/schema\/person\/image\/","url":"https:\/\/tinovtc.fr\/wp-content\/uploads\/2025\/04\/Capture-decran-2025-04-24-111136.png","contentUrl":"https:\/\/tinovtc.fr\/wp-content\/uploads\/2025\/04\/Capture-decran-2025-04-24-111136.png","width":172,"height":141,"caption":"test@intrasite.fr"},"logo":{"@id":"https:\/\/tinovtc.fr\/#\/schema\/person\/image\/"},"sameAs":["http:\/\/tinovtc.fr"]}]}},"_links":{"self":[{"href":"https:\/\/tinovtc.fr\/en\/wp-json\/wp\/v2\/pages\/1337","targetHints":{"allow":["GET"]}}],"collection":[{"href":"https:\/\/tinovtc.fr\/en\/wp-json\/wp\/v2\/pages"}],"about":[{"href":"https:\/\/tinovtc.fr\/en\/wp-json\/wp\/v2\/types\/page"}],"author":[{"embeddable":true,"href":"https:\/\/tinovtc.fr\/en\/wp-json\/wp\/v2\/users\/1"}],"replies":[{"embeddable":true,"href":"https:\/\/tinovtc.fr\/en\/wp-json\/wp\/v2\/comments?post=1337"}],"version-history":[{"count":7,"href":"https:\/\/tinovtc.fr\/en\/wp-json\/wp\/v2\/pages\/1337\/revisions"}],"predecessor-version":[{"id":1367,"href":"https:\/\/tinovtc.fr\/en\/wp-json\/wp\/v2\/pages\/1337\/revisions\/1367"}],"wp:attachment":[{"href":"https:\/\/tinovtc.fr\/en\/wp-json\/wp\/v2\/media?parent=1337"}],"curies":[{"name":"wp","href":"https:\/\/api.w.org\/{rel}","templated":true}]}}